{"id":1846,"date":"2020-03-20T14:56:00","date_gmt":"2020-03-20T14:56:00","guid":{"rendered":"http:\/\/78.47.84.154\/nakupni-kosik\/"},"modified":"2024-08-20T09:54:53","modified_gmt":"2024-08-20T08:54:53","slug":"nakupni-kosik","status":"publish","type":"page","link":"https:\/\/www.zull.at\/cs\/nakupni-kosik\/","title":{"rendered":"N\u00e1kupn\u00ed ko\u0161\u00edk"},"content":{"rendered":"<section  class='av_textblock_section av-k81c0vv1-153fd4875f4f2267f3273bd7838bf552 '   itemscope=\"itemscope\" itemtype=\"https:\/\/schema.org\/CreativeWork\" ><div class='avia_textblock'  itemprop=\"text\" >\n<\/div><\/section>\n\n<style type=\"text\/css\" data-created_by=\"avia_inline_auto\" id=\"style-css-av-k81c1b6a-8a39dd84497d1839d39de5632472b1d8\">\n#top .hr.hr-invisible.av-k81c1b6a-8a39dd84497d1839d39de5632472b1d8{\nheight:50px;\n}\n<\/style>\n<div  class='hr av-k81c1b6a-8a39dd84497d1839d39de5632472b1d8 hr-invisible  avia-builder-el-1  el_after_av_textblock  el_before_av_textblock '><span class='hr-inner '><span class=\"hr-inner-style\"><\/span><\/span><\/div>\n<section  class='av_textblock_section av-k81c13fx-abfedfd17c0696d3735e78fceeddb992 '   itemscope=\"itemscope\" itemtype=\"https:\/\/schema.org\/CreativeWork\" ><div class='avia_textblock'  itemprop=\"text\" ><h4>Dispe\u010dink<\/h4>\n<p>Odes\u00edl\u00e1me v krabic\u00edch po 6, 12 nebo 18 kusech. Ud\u011blejte radost sob\u011b i \u017eivotn\u00edmu prost\u0159ed\u00ed a objedn\u00e1vejte v t\u011bchto mno\u017estv\u00edch.<\/p>\n<h6>N\u00e1klady na dopravu \/ doru\u010den\u00ed<\/h6>\n<p>Dopravou DPD nebo soukrom\u011b v oblasti V\u00eddn\u011b &#8211; v nejbli\u017e\u0161\u00edch dnech v\u00e1s budeme kontaktovat a domluv\u00edme se na term\u00ednu doru\u010den\u00ed.<\/p>\n<h6>Doprava zdarma v Rakousku od 12 lahv\u00ed, v N\u011bmecku a \u010cesk\u00e9 republice od 18 lahv\u00ed.<\/h6>\n<p>Plat\u00edte pohodln\u011b po obdr\u017een\u00ed zbo\u017e\u00ed a faktury bankovn\u00edm p\u0159evodem.<br \/>\nO cen\u011b dopravy do ostatn\u00edch zem\u00ed EU v\u00e1s r\u00e1di informujeme, p\u0159\u00edpadn\u011b kontaktujte na\u0161e <a href=\"https:\/\/www.zull.at\/kontakt\/\">obchodn\u00ed partne <\/a><\/p>\n<h6>V\u0161eobecn\u00e9 obchodn\u00ed podm\u00ednky<\/h6>\n<p>Ceny v eurech pro koncov\u00e9 spot\u0159ebitele, ex farm v\u010detn\u011b 20% DPH. Zbo\u017e\u00ed z\u016fst\u00e1v\u00e1 na\u0161\u00edm majetkem a\u017e do \u00fapln\u00e9ho zaplacen\u00ed v\u0161ech pohled\u00e1vek a vedlej\u0161\u00edch n\u00e1rok\u016f.<br \/>\nM\u00edstem pln\u011bn\u00ed je Schrattenthal, m\u00edstem p\u0159\u00edslu\u0161nosti 2020 Hollabrunn.<\/p>\n<\/div><\/section>\n","protected":false},"excerpt":{"rendered":"","protected":false},"author":2,"featured_media":0,"parent":0,"menu_order":15,"comment_status":"closed","ping_status":"closed","template":"","meta":{"footnotes":""},"folder":[],"class_list":["post-1846","page","type-page","status-publish","hentry"],"yoast_head":"<!-- This site is optimized with the Yoast SEO plugin v27.3 - https:\/\/yoast.com\/product\/yoast-seo-wordpress\/ -->\n<title>N\u00e1kupn\u00ed ko\u0161\u00edk - Weingut Zull<\/title>\n<meta name=\"robots\" content=\"index, follow, max-snippet:-1, max-image-preview:large, max-video-preview:-1\" \/>\n<link rel=\"canonical\" href=\"https:\/\/www.zull.at\/cs\/nakupni-kosik\/\" \/>\n<meta property=\"og:locale\" content=\"cs_CZ\" \/>\n<meta property=\"og:type\" content=\"article\" \/>\n<meta property=\"og:title\" content=\"N\u00e1kupn\u00ed ko\u0161\u00edk - Weingut Zull\" \/>\n<meta property=\"og:url\" content=\"https:\/\/www.zull.at\/cs\/nakupni-kosik\/\" \/>\n<meta property=\"og:site_name\" content=\"Weingut Zull\" \/>\n<meta property=\"article:modified_time\" content=\"2024-08-20T08:54:53+00:00\" \/>\n<meta name=\"twitter:card\" content=\"summary_large_image\" \/>\n<meta name=\"twitter:label1\" content=\"Odhadovan\u00e1 doba \u010dten\u00ed\" \/>\n\t<meta name=\"twitter:data1\" content=\"1 minute\" \/>\n<script type=\"application\/ld+json\" class=\"yoast-schema-graph\">{\"@context\":\"https:\\\/\\\/schema.org\",\"@graph\":[{\"@type\":\"WebPage\",\"@id\":\"https:\\\/\\\/www.zull.at\\\/cs\\\/nakupni-kosik\\\/\",\"url\":\"https:\\\/\\\/www.zull.at\\\/cs\\\/nakupni-kosik\\\/\",\"name\":\"N\u00e1kupn\u00ed ko\u0161\u00edk - Weingut Zull\",\"isPartOf\":{\"@id\":\"https:\\\/\\\/www.zull.at\\\/cs\\\/#website\"},\"datePublished\":\"2020-03-20T14:56:00+00:00\",\"dateModified\":\"2024-08-20T08:54:53+00:00\",\"breadcrumb\":{\"@id\":\"https:\\\/\\\/www.zull.at\\\/cs\\\/nakupni-kosik\\\/#breadcrumb\"},\"inLanguage\":\"cs-CZ\",\"potentialAction\":[{\"@type\":\"ReadAction\",\"target\":[\"https:\\\/\\\/www.zull.at\\\/cs\\\/nakupni-kosik\\\/\"]}]},{\"@type\":\"BreadcrumbList\",\"@id\":\"https:\\\/\\\/www.zull.at\\\/cs\\\/nakupni-kosik\\\/#breadcrumb\",\"itemListElement\":[{\"@type\":\"ListItem\",\"position\":1,\"name\":\"Home\",\"item\":\"https:\\\/\\\/www.zull.at\\\/cs\\\/aktualizace\\\/\"},{\"@type\":\"ListItem\",\"position\":2,\"name\":\"N\u00e1kupn\u00ed ko\u0161\u00edk\"}]},{\"@type\":\"WebSite\",\"@id\":\"https:\\\/\\\/www.zull.at\\\/cs\\\/#website\",\"url\":\"https:\\\/\\\/www.zull.at\\\/cs\\\/\",\"name\":\"Weingut Zull\",\"description\":\"Weingut Zull\",\"publisher\":{\"@id\":\"https:\\\/\\\/www.zull.at\\\/cs\\\/#organization\"},\"potentialAction\":[{\"@type\":\"SearchAction\",\"target\":{\"@type\":\"EntryPoint\",\"urlTemplate\":\"https:\\\/\\\/www.zull.at\\\/cs\\\/?s={search_term_string}\"},\"query-input\":{\"@type\":\"PropertyValueSpecification\",\"valueRequired\":true,\"valueName\":\"search_term_string\"}}],\"inLanguage\":\"cs-CZ\"},{\"@type\":\"Organization\",\"@id\":\"https:\\\/\\\/www.zull.at\\\/cs\\\/#organization\",\"name\":\"Weingut Zull GmbH\",\"url\":\"https:\\\/\\\/www.zull.at\\\/cs\\\/\",\"logo\":{\"@type\":\"ImageObject\",\"inLanguage\":\"cs-CZ\",\"@id\":\"https:\\\/\\\/www.zull.at\\\/cs\\\/#\\\/schema\\\/logo\\\/image\\\/\",\"url\":\"https:\\\/\\\/www.zull.at\\\/wp-content\\\/uploads\\\/2023\\\/08\\\/Zull_logo_mail_2.jpg\",\"contentUrl\":\"https:\\\/\\\/www.zull.at\\\/wp-content\\\/uploads\\\/2023\\\/08\\\/Zull_logo_mail_2.jpg\",\"width\":364,\"height\":151,\"caption\":\"Weingut Zull GmbH\"},\"image\":{\"@id\":\"https:\\\/\\\/www.zull.at\\\/cs\\\/#\\\/schema\\\/logo\\\/image\\\/\"}}]}<\/script>\n<!-- \/ Yoast SEO plugin. -->","yoast_head_json":{"title":"N\u00e1kupn\u00ed ko\u0161\u00edk - Weingut Zull","robots":{"index":"index","follow":"follow","max-snippet":"max-snippet:-1","max-image-preview":"max-image-preview:large","max-video-preview":"max-video-preview:-1"},"canonical":"https:\/\/www.zull.at\/cs\/nakupni-kosik\/","og_locale":"cs_CZ","og_type":"article","og_title":"N\u00e1kupn\u00ed ko\u0161\u00edk - Weingut Zull","og_url":"https:\/\/www.zull.at\/cs\/nakupni-kosik\/","og_site_name":"Weingut Zull","article_modified_time":"2024-08-20T08:54:53+00:00","twitter_card":"summary_large_image","twitter_misc":{"Odhadovan\u00e1 doba \u010dten\u00ed":"1 minute"},"schema":{"@context":"https:\/\/schema.org","@graph":[{"@type":"WebPage","@id":"https:\/\/www.zull.at\/cs\/nakupni-kosik\/","url":"https:\/\/www.zull.at\/cs\/nakupni-kosik\/","name":"N\u00e1kupn\u00ed ko\u0161\u00edk - Weingut Zull","isPartOf":{"@id":"https:\/\/www.zull.at\/cs\/#website"},"datePublished":"2020-03-20T14:56:00+00:00","dateModified":"2024-08-20T08:54:53+00:00","breadcrumb":{"@id":"https:\/\/www.zull.at\/cs\/nakupni-kosik\/#breadcrumb"},"inLanguage":"cs-CZ","potentialAction":[{"@type":"ReadAction","target":["https:\/\/www.zull.at\/cs\/nakupni-kosik\/"]}]},{"@type":"BreadcrumbList","@id":"https:\/\/www.zull.at\/cs\/nakupni-kosik\/#breadcrumb","itemListElement":[{"@type":"ListItem","position":1,"name":"Home","item":"https:\/\/www.zull.at\/cs\/aktualizace\/"},{"@type":"ListItem","position":2,"name":"N\u00e1kupn\u00ed ko\u0161\u00edk"}]},{"@type":"WebSite","@id":"https:\/\/www.zull.at\/cs\/#website","url":"https:\/\/www.zull.at\/cs\/","name":"Weingut Zull","description":"Weingut Zull","publisher":{"@id":"https:\/\/www.zull.at\/cs\/#organization"},"potentialAction":[{"@type":"SearchAction","target":{"@type":"EntryPoint","urlTemplate":"https:\/\/www.zull.at\/cs\/?s={search_term_string}"},"query-input":{"@type":"PropertyValueSpecification","valueRequired":true,"valueName":"search_term_string"}}],"inLanguage":"cs-CZ"},{"@type":"Organization","@id":"https:\/\/www.zull.at\/cs\/#organization","name":"Weingut Zull GmbH","url":"https:\/\/www.zull.at\/cs\/","logo":{"@type":"ImageObject","inLanguage":"cs-CZ","@id":"https:\/\/www.zull.at\/cs\/#\/schema\/logo\/image\/","url":"https:\/\/www.zull.at\/wp-content\/uploads\/2023\/08\/Zull_logo_mail_2.jpg","contentUrl":"https:\/\/www.zull.at\/wp-content\/uploads\/2023\/08\/Zull_logo_mail_2.jpg","width":364,"height":151,"caption":"Weingut Zull GmbH"},"image":{"@id":"https:\/\/www.zull.at\/cs\/#\/schema\/logo\/image\/"}}]}},"_links":{"self":[{"href":"https:\/\/www.zull.at\/cs\/wp-json\/wp\/v2\/pages\/1846","targetHints":{"allow":["GET"]}}],"collection":[{"href":"https:\/\/www.zull.at\/cs\/wp-json\/wp\/v2\/pages"}],"about":[{"href":"https:\/\/www.zull.at\/cs\/wp-json\/wp\/v2\/types\/page"}],"author":[{"embeddable":true,"href":"https:\/\/www.zull.at\/cs\/wp-json\/wp\/v2\/users\/2"}],"replies":[{"embeddable":true,"href":"https:\/\/www.zull.at\/cs\/wp-json\/wp\/v2\/comments?post=1846"}],"version-history":[{"count":0,"href":"https:\/\/www.zull.at\/cs\/wp-json\/wp\/v2\/pages\/1846\/revisions"}],"wp:attachment":[{"href":"https:\/\/www.zull.at\/cs\/wp-json\/wp\/v2\/media?parent=1846"}],"wp:term":[{"taxonomy":"folder","embeddable":true,"href":"https:\/\/www.zull.at\/cs\/wp-json\/wp\/v2\/folder?post=1846"}],"curies":[{"name":"wp","href":"https:\/\/api.w.org\/{rel}","templated":true}]}}