{"id":3194,"date":"2020-03-20T18:25:17","date_gmt":"2020-03-20T18:25:17","guid":{"rendered":"http:\/\/78.47.84.154\/zasady-ochrany-osobnich-udaju\/"},"modified":"2020-03-26T15:37:32","modified_gmt":"2020-03-26T15:37:32","slug":"zasady-ochrany-osobnich-udaju","status":"publish","type":"page","link":"https:\/\/www.zull.at\/cs\/zasady-ochrany-osobnich-udaju\/","title":{"rendered":"Z\u00e1sady ochrany osobn\u00edch \u00fadaj\u016f"},"content":{"rendered":"\n<h2 class=\"wp-block-heading\">Impressum a prohl\u00e1\u0161en\u00ed o ochran\u011b osobn\u00edch \u00fadaj\u016f<\/h2>\n\n\n\n<h3 class=\"wp-block-heading\"><\/h3>\n\n\n\n<p>Vina\u0159stv\u00ed Zull GmbH<br>\nSchrattenthal 9<br>\n2073 Schrattenthal ve Weinviertelu, Rakousko <br>\nTel: +43-(0)2946-82 17, Fax: +43-(0)2946-82 17-4<br>\nE-mail: <a href=\"mailto:office@zull.at\">office@zull.at<\/a><\/p>\n\n\n\n<p>UID: ATU 73413148<br>Da\u0148ov\u00e9 \u010d\u00edslo: 22 324\/8253 <br>Registra\u010dn\u00ed \u010d\u00edslo spole\u010dnosti: 492334x<\/p>\n\n\n\n<p>GLN (ve\u0159ejn\u00e1 spr\u00e1va): 9120072740008<br>\u010c\u00edslo EORI: ATEOS1000091162<br>\u010c\u00edslo FDA: 16747763948<br>Autorita podle EKG (z\u00e1kon o elektronick\u00e9m obchodu): Okresn\u00ed centr\u00e1la Hollabrunn<br>\u010clen Hospod\u00e1\u0159sk\u00e9 komory: Doln\u00ed Rakousko<br>\u010c\u00edslo GISA: 12751303<\/p>\n\n\n\n<p>Koncepce + tvorba:: Birgit Kiennast, <a rel=\"noreferrer noopener\" href=\"http:\/\/www.birgitmaria.at\/\" target=\"_blank\">birgitmaria.at<\/a><\/p>\n\n\n\n<p>Text: Christoph Cecerle, <a href=\"http:\/\/www.eaglepowder.com\">www.eaglepowder.com<\/a><\/p>\n\n\n\n<p>Videa v&nbsp;z\u00e1hlav\u00ed: Forcefield Media Production, Mag. Tibor Gludovatz, <a href=\"http:\/\/www.forcefield.at\/\">www.forcefield.at<\/a><\/p>\n\n\n\n<p>Ostatn\u00ed obr\u00e1zky a videa: Steve Haider, Martin Lifka, Rita Newman, Marianne Greber, B\u00fcro Bauer, Weingut Zull<\/p>\n\n\n\n<h3 class=\"wp-block-heading\">Prohl\u00e1\u0161en\u00ed o ochran\u011b osobn\u00edch \u00fadaj\u016f<\/h3>\n\n\n\n<p>R\u00e1di bychom V\u00e1s n\u00ed\u017ee informovali o zpracov\u00e1n\u00ed Va\u0161ich osobn\u00edch \u00fadaj\u016f v souvislosti s Va\u0161\u00ed n\u00e1v\u0161t\u011bvou na\u0161ich webov\u00fdch str\u00e1nek.<\/p>\n\n\n\n<p><strong>\u00da\u010del zpracov\u00e1n\u00ed \u00fadaj\u016f, pr\u00e1vn\u00ed z\u00e1klad, doba uchov\u00e1v\u00e1n\u00ed<\/strong> <br>Pokud n\u00e1s kontaktujete prost\u0159ednictv\u00edm formul\u00e1\u0159e na webov\u00fdch str\u00e1nk\u00e1ch nebo e-mailem, Va\u0161e \u00fadaje a Va\u0161e \u017e\u00e1dost budou ulo\u017eeny pro \u00fa\u010dely zpracov\u00e1n\u00ed \u017e\u00e1dosti a v p\u0159\u00edpad\u011b n\u00e1sledn\u00fdch ot\u00e1zek nebo pro zpracov\u00e1n\u00ed smlouvy. Tyto \u00fadaje budou smaz\u00e1ny po 6 m\u011bs\u00edc\u00edch, pokud to nebude ve smlouv\u011b uvedeno jinak. V opa\u010dn\u00e9m p\u0159\u00edpad\u011b nebudou \u00fadaje uchov\u00e1v\u00e1ny d\u00e9le, ne\u017e je nezbytn\u00e9 pro spln\u011bn\u00ed na\u0161ich smluvn\u00edch nebo pr\u00e1vn\u00edch povinnost\u00ed a pro obhajobu jak\u00fdchkoli n\u00e1rok\u016f na odpov\u011bdnost.<\/p>\n\n\n\n<p><strong>Poskytnut\u00ed Va\u0161ich \u00fadaj\u016f<\/strong> <br>S Va\u0161imi \u00fadaji budeme zach\u00e1zet s maxim\u00e1ln\u00ed opatrnost\u00ed. Va\u0161e \u00fadaje budou p\u0159ed\u00e1v\u00e1ny pouze na z\u00e1klad\u011b GDPR, tj. pokud je to nezbytn\u00e9 pro zpracov\u00e1n\u00ed Va\u0161\u00ed \u017e\u00e1dosti, pokud je to nezbytn\u00e9 pro pln\u011bn\u00ed smlouvy (nap\u0159. p\u0159ed\u00e1n\u00ed Va\u0161ich kontaktn\u00edch \u00fadaj\u016f doru\u010dovac\u00ed slu\u017eb\u011b) a pro pln\u011bn\u00ed z\u00e1konn\u00fdch povinnost\u00ed. A to jen v&nbsp;p\u0159\u00edpad\u011b, \u017ee s&nbsp;p\u0159ed\u00e1n\u00edm \u00fadaj\u016f v\u00fdslovn\u011b souhlas\u00edte.<\/p>\n\n\n\n<p><strong>Newsletter\/P\u0159\u00edm\u00fd marketing<\/strong> <br><\/p>\n\n\n\n<p>Va\u0161e kontaktn\u00ed \u00fadaje, kter\u00e9 obdr\u017e\u00edme v r\u00e1mci na\u0161eho smluvn\u00edho vztahu s V\u00e1mi, zpracujeme za \u00fa\u010delem zas\u00edl\u00e1n\u00ed e-mail\u016f, po\u0161tovn\u00edch dopis\u016f nebo reklamn\u00edch bro\u017eur s c\u00edlem zobrazen\u00ed a prezentace na\u0161ich produkt\u016f (\u010dl\u00e1nek 6 sec. 1 lit f GDPR). M\u00e1te pr\u00e1vo vzn\u00e9st n\u00e1mitku proti tomuto zpracov\u00e1n\u00ed Va\u0161ich \u00fadaj\u016f za \u00fa\u010delem p\u0159\u00edm\u00e9ho marketingu bez ud\u00e1n\u00ed d\u016fvodu, a to zasl\u00e1n\u00edm dopisu spole\u010dnosti Weingut Zull, 2073 Schrattehal 9, nebo e-mailem na office@zull.at. <br>\nVa\u0161e \u00fadaje budeme pro tento \u00fa\u010del zpracov\u00e1vat po dobu trv\u00e1n\u00ed Va\u0161eho souhlasu, ale pouze do 3 let od ukon\u010den\u00ed smlouvy<\/p>\n\n\n\n<p>Pou\u017e\u00edv\u00e1me MailChimp jako na\u0161i platformu pro automatizaci marketingu. S&nbsp;Va\u0161\u00edm souhlasem budou V\u00e1mi poskytnut\u00e9 informace sd\u00edleny se spole\u010dnost\u00ed MailChimp ke zpracov\u00e1n\u00ed v souladu se z\u00e1sadami ochrany osobn\u00edch \u00fadaj\u016f a podm\u00ednkami.<\/p>\n\n\n\n<p>U jin\u00fdch forem p\u0159\u00edm\u00e9ho marketingu budou Va\u0161e \u00fadaje zpracov\u00e1v\u00e1ny pouze v p\u0159\u00edpad\u011b, \u017ee jste ud\u011blili v\u00fdslovn\u00fd souhlas se zpracov\u00e1n\u00edm Va\u0161ich \u00fadaj\u016f (\u010dl\u00e1nek 6 sec. 1 lit. GDPR). Pokud jste se zpracov\u00e1n\u00edm \u00fadaj\u016f souhlasili, m\u016f\u017eete tento souhlas odvolat bez ud\u00e1n\u00ed d\u016fvodu zasl\u00e1n\u00edm po\u0161tovn\u00edho dopisu spole\u010dnosti Weingut Zull, 2073 Schrattehal 9, nebo e-mailem na office@zull.at. Va\u0161e \u00fadaje budeme pro tento \u00fa\u010del zpracov\u00e1vat po dobu trv\u00e1n\u00ed Va\u0161eho souhlasu, ale pouze do 3 let od ukon\u010den\u00ed smlouvy.<br> Zpracov\u00e1n\u00ed Va\u0161ich osobn\u00edch \u00fadaj\u016f pro \u00fa\u010dely p\u0159\u00edm\u00e9ho marketingu nen\u00ed pro uzav\u0159en\u00ed na\u0161eho smluvn\u00edho vztahu nutn\u00e9.<\/p>\n\n\n\n<p><strong>Va\u0161e pr\u00e1va<\/strong> <br>V souvislosti se zpracov\u00e1n\u00edm Va\u0161ich \u00fadaj\u016f m\u00e1te v\u017edy pr\u00e1vo na p\u0159\u00edstup, opravu, v\u00fdmaz (&#8220;pr\u00e1vo b\u00fdt zapomenut&#8221;), omezen\u00ed zpracov\u00e1n\u00ed, p\u0159enositelnost \u00fadaj\u016f, n\u00e1mitky nebo odvol\u00e1n\u00ed (se souhlasem) a st\u00ed\u017enost (nap\u0159. rakousk\u00fd \u00fa\u0159ad pro ochranu \u00fadaj\u016f).<\/p>\n\n\n\n<p><strong>Extern\u00ed odkazy<\/strong><\/p>\n\n\n\n<p>Nep\u0159eb\u00edr\u00e1me \u017e\u00e1dnou odpov\u011bdnost za obsah extern\u00edch odkaz\u016f. Provozovatel\u00e9 odkazovan\u00fdch str\u00e1nek jsou v\u00fdhradn\u011b sami zodpov\u011bdn\u00ed za jejich obsah. V\u0161echny \u00fadaje na na\u0161ich webov\u00fdch str\u00e1nk\u00e1ch jsou chr\u00e1n\u011bny autorsk\u00fdm pr\u00e1vem. Jak\u00e9koli \u00fapravy, duplikace, distribuce a\/nebo sd\u011blov\u00e1n\u00ed ve\u0159ejnosti p\u0159edstavuj\u00ed poru\u0161en\u00ed autorsk\u00fdch pr\u00e1v.<\/p>\n\n\n\n<p><strong>Kontaktn\u00ed \u00fadaje<\/strong> <br>M\u00e1te-li jak\u00e9koli dotazy nebo p\u0159\u00e1n\u00ed, kontaktujte n\u00e1s!<\/p>\n\n\n\n<p>Weingut Zull GmbH<br>Schrattenthal 9<br>2073 Schrattenthal ve Weinviertelu, Rakousko <br>Tel: +43-(0)2946-82 17, Fax: +43-(0)2946-82 17-4<br>E-mail: <a href=\"mailto:office@zull.at\">office@zull.at<\/a><\/p>\n\n\n\n<p><strong>Google Analytics<\/strong> <br><\/p>\n\n\n\n<p>Tato webov\u00e1 str\u00e1nka pou\u017e\u00edv\u00e1 Google Analytics, webovou analytickou slu\u017ebu poskytovanou spole\u010dnost\u00ed Google LLC (&#8220;Google&#8221;). Google Analytics pou\u017e\u00edv\u00e1 takzvan\u00e9 &#8220;cookies&#8221;, textov\u00e9 soubory, kter\u00e9 jsou ulo\u017eeny ve Va\u0161em po\u010d\u00edta\u010di a kter\u00e9 umo\u017e\u0148uj\u00ed anal\u00fdzu Va\u0161eho pou\u017e\u00edv\u00e1n\u00ed webov\u00fdch str\u00e1nek. Informace vygenerovan\u00e9 souborem cookie o Va\u0161em pou\u017e\u00edv\u00e1n\u00ed t\u00e9to webov\u00e9 str\u00e1nky (v\u010detn\u011b va\u0161\u00ed IP adresy) jsou p\u0159en\u00e1\u0161eny na server spole\u010dnosti Google v USA a tam ulo\u017eeny. Cht\u011bli bychom zd\u016fraznit, \u017ee tato webov\u00e1 str\u00e1nka pou\u017e\u00edv\u00e1 Google Analytics s roz\u0161\u00ed\u0159en\u00edm &#8220;_anonymizeIp()&#8221;, a proto jsou IP adresy zpracov\u00e1v\u00e1ny pouze zkr\u00e1cen\u00fdm zp\u016fsobem, aby se co nejv\u00edce vylou\u010dil p\u0159\u00edm\u00fd osobn\u00ed odkaz.<br>\nSpole\u010dnost Google pou\u017eije tyto informace za \u00fa\u010delem vyhodnocen\u00ed Va\u0161eho pou\u017e\u00edv\u00e1n\u00ed webov\u00fdch str\u00e1nek, sestaven\u00ed zpr\u00e1v o aktivit\u00e1ch na webov\u00fdch str\u00e1nk\u00e1ch pro provozovatele webov\u00fdch str\u00e1nek a dal\u0161\u00ed slu\u017eby souvisej\u00edc\u00ed s pou\u017e\u00edv\u00e1n\u00edm webov\u00fdch str\u00e1nek a internetu. Spole\u010dnost Google m\u016f\u017ee tyto informace tak\u00e9 p\u0159edat t\u0159et\u00edm stran\u00e1m, pokud to vy\u017eaduje z\u00e1kon nebo pokud tyto \u00fadaje zpracov\u00e1vaj\u00ed jm\u00e9nem spole\u010dnosti Google t\u0159et\u00ed strany. Spole\u010dnost Google nebude za \u017e\u00e1dn\u00fdch okolnost\u00ed spojovat Va\u0161i IP adresu s \u017e\u00e1dn\u00fdmi dal\u0161\u00edmi \u00fadaji, kter\u00e9 m\u00e1 spole\u010dnost Google k&nbsp;dispozici. Instalaci soubor\u016f cookie m\u016f\u017eete zabr\u00e1nit odpov\u00eddaj\u00edc\u00edm nastaven\u00edm softwaru prohl\u00ed\u017ee\u010de; r\u00e1di bychom v\u0161ak zd\u016fraznili, \u017ee v tomto p\u0159\u00edpad\u011b nebudete moci vyu\u017e\u00edvat v\u0161echny funkce t\u011bchto webov\u00fdch str\u00e1nek v pln\u00e9m rozsahu. Toto impressum poskytl ithelps.at.<\/p>\n\n\n\n<p>Pou\u017e\u00edv\u00e1n\u00edm t\u011bchto webov\u00fdch str\u00e1nek souhlas\u00edte se zpracov\u00e1n\u00edm \u00fadaj\u016f, kter\u00e9 o v\u00e1s spole\u010dnost Google shroma\u017e\u010fuje, zp\u016fsobem a pro \u00fa\u010dely popsan\u00e9 v\u00fd\u0161e. Shroma\u017e\u010fov\u00e1n\u00ed a ukl\u00e1d\u00e1n\u00ed dat lze kdykoliv s \u00fa\u010dinnost\u00ed do budoucna zru\u0161it, a to zasl\u00e1n\u00edm n\u00e1mitky.<\/p>\n\n\n\n<p><strong>Prohl\u00e1\u0161en\u00ed o informa\u010dn\u00ed povinnosti<\/strong><br>(Z\u00e1sady ochrany osobn\u00edch \u00fadaj\u016f) Ochrana Va\u0161ich osobn\u00edch \u00fadaj\u016f je pro n\u00e1s z\u00e1sadn\u00ed. Va\u0161e \u00fadaje proto zpracov\u00e1v\u00e1me v\u00fdhradn\u011b na z\u00e1klad\u011b z\u00e1konn\u00fdch ustanoven\u00ed (GDPR, TKG 2003). V t\u011bchto informac\u00edch o ochran\u011b osobn\u00edch \u00fadaj\u016f v\u00e1s informujeme o nejd\u016fle\u017eit\u011bj\u0161\u00edch aspektech zpracov\u00e1n\u00ed \u00fadaj\u016f v r\u00e1mci na\u0161ich webov\u00fdch str\u00e1nek.<br><\/p>\n\n\n\n<p><strong>Kontakt s n\u00e1mi<\/strong><br>Pokud n\u00e1s kontaktujete prost\u0159ednictv\u00edm formul\u00e1\u0159e na webov\u00fdch str\u00e1nk\u00e1ch nebo e-mailem, Va\u0161e \u00fadaje budou u n\u00e1s uchov\u00e1v\u00e1ny po dobu \u0161esti m\u011bs\u00edc\u016f za \u00fa\u010delem zpracov\u00e1n\u00ed \u017e\u00e1dosti a v p\u0159\u00edpad\u011b n\u00e1sledn\u00fdch ot\u00e1zek. Tyto \u00fadaje nesd\u00edl\u00edme bez Va\u0161eho souhlasu.<br><\/p>\n\n\n\n<p><strong>Va\u0161e pr\u00e1va<\/strong><br>V z\u00e1sad\u011b m\u00e1te pr\u00e1vo na p\u0159\u00edstup, opravu, v\u00fdmaz, omezen\u00ed, p\u0159enositelnost \u00fadaj\u016f, odvol\u00e1n\u00ed a n\u00e1mitky. Pokud se domn\u00edv\u00e1te, \u017ee zpracov\u00e1n\u00ed Va\u0161ich \u00fadaj\u016f poru\u0161uje z\u00e1kon o ochran\u011b osobn\u00edch \u00fadaj\u016f nebo \u017ee Va\u0161e n\u00e1roky na ochranu osobn\u00edch \u00fadaj\u016f byly jinak poru\u0161eny, m\u016f\u017eete podat st\u00ed\u017enost u dozorov\u00e9ho \u00fa\u0159adu. V Rakousku se jedn\u00e1 o \u00fa\u0159ad pro ochranu \u00fadaj\u016f.<br><\/p>\n\n\n\n<p><strong>Social Plugins<\/strong><br><\/p>\n\n\n\n<p>Na t\u00e9to webov\u00e9 str\u00e1nce jsou plug-iny soci\u00e1ln\u00ed s\u00edt\u011b Facebook, Facebook Inc., Menlo Park, Kalifornie, Spojen\u00e9 st\u00e1ty americk\u00e9, integrov\u00e1ny ve form\u011b tla\u010d\u00edtka &#8220;Like-Button&#8221; a\/nebo soci\u00e1ln\u00ed s\u00edt\u011b Google Plus spole\u010dnosti Google Inc., 1600 Amphitheatre Parkway, Mountain View, CA 94043, Spojen\u00e9 st\u00e1ty americk\u00e9, do podoby tla\u010d\u00edtka \u201e+1-Button\u201c.<br>\nPlugin umo\u017e\u0148uje p\u0159\u00edm\u00e9 spojen\u00ed mezi prohl\u00ed\u017ee\u010dem u\u017eivatele a serverem Facebook nebo Google. Facebook a Google tak zji\u0161\u0165uj\u00ed informace (zejm\u00e9na datum a \u010das n\u00e1v\u0161t\u011bvy webov\u00fdch str\u00e1nek a dal\u0161\u00ed informace t\u00fdkaj\u00edc\u00ed se prohl\u00ed\u017ee\u010de) o u\u017eivateli na webov\u00fdch str\u00e1nk\u00e1ch.<br>\nKdy\u017e je u\u017eivatel p\u0159ihl\u00e1\u0161en ke sv\u00e9mu \u00fa\u010dtu na Facebooku nebo Google, a klikne na tla\u010d\u00edtko \u201eTo se mi l\u00edb\u00ed\u201c (\u201eLike\u201c) nebo tla\u010d\u00edtko Google \u201e+1\u201c, m\u016f\u017ee Facebook nebo Google tak\u00e9 p\u0159i\u0159adit n\u00e1v\u0161t\u011bvu webu k profilu u\u017eivatele. Dal\u0161\u00ed informace naleznete zde: [http:\/\/www.facebook.com\/help\/186325668085084]&nbsp;a zde: [http:\/\/www.google.com\/intl\/de\/+\/policy\/+1button.html].<br>\nN\u00e1v\u0161t\u011bvou webov\u00fdch str\u00e1nek v\u00fdslovn\u011b souhlas\u00edte s takov\u00fdm pou\u017eit\u00edm Va\u0161ich u\u017eivatelsk\u00fdch informac\u00ed.<\/p>\n\n\n\n<p><\/p>\n\n\n\n<h3 class=\"wp-block-heading\">V\u0161eobecn\u00e9 obchodn\u00ed podm\u00ednky<\/h3>\n\n\n\n<p><strong>Z\u00e1kladn\u00ed pr\u00e1vn\u00ed ustanoven\u00ed<\/strong><br>Z\u00e1kladem obchodn\u00edho jedn\u00e1n\u00ed je rakousk\u00fd pr\u00e1vn\u00ed \u0159\u00e1d, jako\u017e i vz\u00e1jemn\u00e9 f\u00e9rov\u00e9 jedn\u00e1n\u00ed.<\/p>\n\n\n\n<p><strong>Nab\u00eddky<\/strong><br>V\u0161echny nab\u00eddky se mohou zm\u011bnit a plat\u00ed do vyprod\u00e1n\u00ed z\u00e1sob ve vina\u0159stv\u00ed.<\/p>\n\n\n\n<p><strong>Platba<\/strong><\/p>\n\n\n\n<p>P\u0159ij\u00edm\u00e1me platby v&nbsp;hotovosti nebo p\u0159evodem na na\u0161e konto. Ve vina\u0159stv\u00ed je t\u00e9\u017e mo\u017eno platit p\u0159es bankomat nebo kreditn\u00ed kartou.<br>ERSTE Bank der oesterreichischen Sparkassen AG<br>BLZ 20111, Ktnr 805-189-934\/00<br>BIC GIBAATWWXXX, IBAN AT12 2011 1805 1899 3400<\/p>\n\n\n\n<p><strong>Reklamace<\/strong><br>Zbo\u017e\u00ed mus\u00ed b\u00fdt zkontrolov\u00e1no ihned po obdr\u017een\u00ed, praskl\u00e1 l\u00e1hev mus\u00ed b\u00fdt potvrzena dopravcem.<\/p>\n\n\n\n<p><strong>P\u0159\u00edchu\u0165 korku<\/strong><br>Za pot\u00ed\u017ee zp\u016fsoben\u00e9 vadn\u00fdm korkem neodpov\u00edd\u00e1 vina\u0159. V\u00fdm\u011bna vadn\u00fdch lahv\u00ed prob\u00edh\u00e1 za n\u00e1sleduj\u00edc\u00edch podm\u00ednek: Vadn\u00e1 l\u00e1hev je op\u011bt uzav\u0159ena \u0161patn\u00fdm korkem a co nejd\u0159\u00edve vr\u00e1cena do vina\u0159stv\u00ed Zull ve Schrattenthalu.<\/p>\n\n\n\n<p><strong>Vlastnictv\u00ed<\/strong><br>V\u00edna z\u016fst\u00e1vaj\u00ed a\u017e do zaplacen\u00ed v&nbsp;pln\u00e9 v\u00fd\u0161i ve vlastnictv\u00ed vina\u0159stv\u00ed.<\/p>\n\n\n\n<p><strong>S\u00eddlo soudu, m\u00edsto pln\u011bn\u00ed<\/strong><br>Gerichtsstand ist 2020 Hollabrunn, Erf\u00fcllungsort 2073 Schrattenthal.<\/p>\n","protected":false},"excerpt":{"rendered":"<p>Impressum a prohl\u00e1\u0161en\u00ed o ochran\u011b osobn\u00edch \u00fadaj\u016f Vina\u0159stv\u00ed Zull GmbH Schrattenthal 9 2073 Schrattenthal ve Weinviertelu, Rakousko Tel: +43-(0)2946-82 17, Fax: +43-(0)2946-82 17-4 E-mail: office@zull.at UID: ATU 73413148Da\u0148ov\u00e9 \u010d\u00edslo: 22 324\/8253 Registra\u010dn\u00ed \u010d\u00edslo spole\u010dnosti: 492334x GLN (ve\u0159ejn\u00e1 spr\u00e1va): 9120072740008\u010c\u00edslo EORI: ATEOS1000091162\u010c\u00edslo FDA: 16747763948Autorita podle EKG (z\u00e1kon o elektronick\u00e9m obchodu): Okresn\u00ed centr\u00e1la Hollabrunn\u010clen Hospod\u00e1\u0159sk\u00e9 komory: Doln\u00ed [&hellip;]<\/p>\n","protected":false},"author":1,"featured_media":0,"parent":0,"menu_order":12,"comment_status":"closed","ping_status":"closed","template":"","meta":{"footnotes":""},"folder":[],"class_list":["post-3194","page","type-page","status-publish","hentry"],"yoast_head":"<!-- This site is optimized with the Yoast SEO plugin v27.3 - https:\/\/yoast.com\/product\/yoast-seo-wordpress\/ -->\n<title>Z\u00e1sady ochrany osobn\u00edch \u00fadaj\u016f - Weingut Zull<\/title>\n<meta name=\"robots\" content=\"index, follow, max-snippet:-1, max-image-preview:large, max-video-preview:-1\" \/>\n<link rel=\"canonical\" href=\"https:\/\/www.zull.at\/cs\/zasady-ochrany-osobnich-udaju\/\" \/>\n<meta property=\"og:locale\" content=\"cs_CZ\" \/>\n<meta property=\"og:type\" content=\"article\" \/>\n<meta property=\"og:title\" content=\"Z\u00e1sady ochrany osobn\u00edch \u00fadaj\u016f - Weingut Zull\" \/>\n<meta property=\"og:description\" content=\"Impressum a prohl\u00e1\u0161en\u00ed o ochran\u011b osobn\u00edch \u00fadaj\u016f Vina\u0159stv\u00ed Zull GmbH Schrattenthal 9 2073 Schrattenthal ve Weinviertelu, Rakousko Tel: +43-(0)2946-82 17, Fax: +43-(0)2946-82 17-4 E-mail: office@zull.at UID: ATU 73413148Da\u0148ov\u00e9 \u010d\u00edslo: 22 324\/8253 Registra\u010dn\u00ed \u010d\u00edslo spole\u010dnosti: 492334x GLN (ve\u0159ejn\u00e1 spr\u00e1va): 9120072740008\u010c\u00edslo EORI: ATEOS1000091162\u010c\u00edslo FDA: 16747763948Autorita podle EKG (z\u00e1kon o elektronick\u00e9m obchodu): Okresn\u00ed centr\u00e1la Hollabrunn\u010clen Hospod\u00e1\u0159sk\u00e9 komory: Doln\u00ed [&hellip;]\" \/>\n<meta property=\"og:url\" content=\"https:\/\/www.zull.at\/cs\/zasady-ochrany-osobnich-udaju\/\" \/>\n<meta property=\"og:site_name\" content=\"Weingut Zull\" \/>\n<meta property=\"article:modified_time\" content=\"2020-03-26T15:37:32+00:00\" \/>\n<meta name=\"twitter:card\" content=\"summary_large_image\" \/>\n<meta name=\"twitter:label1\" content=\"Odhadovan\u00e1 doba \u010dten\u00ed\" \/>\n\t<meta name=\"twitter:data1\" content=\"9 minutes\" \/>\n<script type=\"application\/ld+json\" class=\"yoast-schema-graph\">{\"@context\":\"https:\\\/\\\/schema.org\",\"@graph\":[{\"@type\":\"WebPage\",\"@id\":\"https:\\\/\\\/www.zull.at\\\/cs\\\/zasady-ochrany-osobnich-udaju\\\/\",\"url\":\"https:\\\/\\\/www.zull.at\\\/cs\\\/zasady-ochrany-osobnich-udaju\\\/\",\"name\":\"Z\u00e1sady ochrany osobn\u00edch \u00fadaj\u016f - Weingut Zull\",\"isPartOf\":{\"@id\":\"https:\\\/\\\/www.zull.at\\\/cs\\\/#website\"},\"datePublished\":\"2020-03-20T18:25:17+00:00\",\"dateModified\":\"2020-03-26T15:37:32+00:00\",\"breadcrumb\":{\"@id\":\"https:\\\/\\\/www.zull.at\\\/cs\\\/zasady-ochrany-osobnich-udaju\\\/#breadcrumb\"},\"inLanguage\":\"cs-CZ\",\"potentialAction\":[{\"@type\":\"ReadAction\",\"target\":[\"https:\\\/\\\/www.zull.at\\\/cs\\\/zasady-ochrany-osobnich-udaju\\\/\"]}]},{\"@type\":\"BreadcrumbList\",\"@id\":\"https:\\\/\\\/www.zull.at\\\/cs\\\/zasady-ochrany-osobnich-udaju\\\/#breadcrumb\",\"itemListElement\":[{\"@type\":\"ListItem\",\"position\":1,\"name\":\"Home\",\"item\":\"https:\\\/\\\/www.zull.at\\\/cs\\\/aktualizace\\\/\"},{\"@type\":\"ListItem\",\"position\":2,\"name\":\"Z\u00e1sady ochrany osobn\u00edch \u00fadaj\u016f\"}]},{\"@type\":\"WebSite\",\"@id\":\"https:\\\/\\\/www.zull.at\\\/cs\\\/#website\",\"url\":\"https:\\\/\\\/www.zull.at\\\/cs\\\/\",\"name\":\"Weingut Zull\",\"description\":\"Weingut Zull\",\"publisher\":{\"@id\":\"https:\\\/\\\/www.zull.at\\\/cs\\\/#organization\"},\"potentialAction\":[{\"@type\":\"SearchAction\",\"target\":{\"@type\":\"EntryPoint\",\"urlTemplate\":\"https:\\\/\\\/www.zull.at\\\/cs\\\/?s={search_term_string}\"},\"query-input\":{\"@type\":\"PropertyValueSpecification\",\"valueRequired\":true,\"valueName\":\"search_term_string\"}}],\"inLanguage\":\"cs-CZ\"},{\"@type\":\"Organization\",\"@id\":\"https:\\\/\\\/www.zull.at\\\/cs\\\/#organization\",\"name\":\"Weingut Zull GmbH\",\"url\":\"https:\\\/\\\/www.zull.at\\\/cs\\\/\",\"logo\":{\"@type\":\"ImageObject\",\"inLanguage\":\"cs-CZ\",\"@id\":\"https:\\\/\\\/www.zull.at\\\/cs\\\/#\\\/schema\\\/logo\\\/image\\\/\",\"url\":\"https:\\\/\\\/www.zull.at\\\/wp-content\\\/uploads\\\/2023\\\/08\\\/Zull_logo_mail_2.jpg\",\"contentUrl\":\"https:\\\/\\\/www.zull.at\\\/wp-content\\\/uploads\\\/2023\\\/08\\\/Zull_logo_mail_2.jpg\",\"width\":364,\"height\":151,\"caption\":\"Weingut Zull GmbH\"},\"image\":{\"@id\":\"https:\\\/\\\/www.zull.at\\\/cs\\\/#\\\/schema\\\/logo\\\/image\\\/\"}}]}<\/script>\n<!-- \/ Yoast SEO plugin. -->","yoast_head_json":{"title":"Z\u00e1sady ochrany osobn\u00edch \u00fadaj\u016f - Weingut Zull","robots":{"index":"index","follow":"follow","max-snippet":"max-snippet:-1","max-image-preview":"max-image-preview:large","max-video-preview":"max-video-preview:-1"},"canonical":"https:\/\/www.zull.at\/cs\/zasady-ochrany-osobnich-udaju\/","og_locale":"cs_CZ","og_type":"article","og_title":"Z\u00e1sady ochrany osobn\u00edch \u00fadaj\u016f - Weingut Zull","og_description":"Impressum a prohl\u00e1\u0161en\u00ed o ochran\u011b osobn\u00edch \u00fadaj\u016f Vina\u0159stv\u00ed Zull GmbH Schrattenthal 9 2073 Schrattenthal ve Weinviertelu, Rakousko Tel: +43-(0)2946-82 17, Fax: +43-(0)2946-82 17-4 E-mail: office@zull.at UID: ATU 73413148Da\u0148ov\u00e9 \u010d\u00edslo: 22 324\/8253 Registra\u010dn\u00ed \u010d\u00edslo spole\u010dnosti: 492334x GLN (ve\u0159ejn\u00e1 spr\u00e1va): 9120072740008\u010c\u00edslo EORI: ATEOS1000091162\u010c\u00edslo FDA: 16747763948Autorita podle EKG (z\u00e1kon o elektronick\u00e9m obchodu): Okresn\u00ed centr\u00e1la Hollabrunn\u010clen Hospod\u00e1\u0159sk\u00e9 komory: Doln\u00ed [&hellip;]","og_url":"https:\/\/www.zull.at\/cs\/zasady-ochrany-osobnich-udaju\/","og_site_name":"Weingut Zull","article_modified_time":"2020-03-26T15:37:32+00:00","twitter_card":"summary_large_image","twitter_misc":{"Odhadovan\u00e1 doba \u010dten\u00ed":"9 minutes"},"schema":{"@context":"https:\/\/schema.org","@graph":[{"@type":"WebPage","@id":"https:\/\/www.zull.at\/cs\/zasady-ochrany-osobnich-udaju\/","url":"https:\/\/www.zull.at\/cs\/zasady-ochrany-osobnich-udaju\/","name":"Z\u00e1sady ochrany osobn\u00edch \u00fadaj\u016f - Weingut Zull","isPartOf":{"@id":"https:\/\/www.zull.at\/cs\/#website"},"datePublished":"2020-03-20T18:25:17+00:00","dateModified":"2020-03-26T15:37:32+00:00","breadcrumb":{"@id":"https:\/\/www.zull.at\/cs\/zasady-ochrany-osobnich-udaju\/#breadcrumb"},"inLanguage":"cs-CZ","potentialAction":[{"@type":"ReadAction","target":["https:\/\/www.zull.at\/cs\/zasady-ochrany-osobnich-udaju\/"]}]},{"@type":"BreadcrumbList","@id":"https:\/\/www.zull.at\/cs\/zasady-ochrany-osobnich-udaju\/#breadcrumb","itemListElement":[{"@type":"ListItem","position":1,"name":"Home","item":"https:\/\/www.zull.at\/cs\/aktualizace\/"},{"@type":"ListItem","position":2,"name":"Z\u00e1sady ochrany osobn\u00edch \u00fadaj\u016f"}]},{"@type":"WebSite","@id":"https:\/\/www.zull.at\/cs\/#website","url":"https:\/\/www.zull.at\/cs\/","name":"Weingut Zull","description":"Weingut Zull","publisher":{"@id":"https:\/\/www.zull.at\/cs\/#organization"},"potentialAction":[{"@type":"SearchAction","target":{"@type":"EntryPoint","urlTemplate":"https:\/\/www.zull.at\/cs\/?s={search_term_string}"},"query-input":{"@type":"PropertyValueSpecification","valueRequired":true,"valueName":"search_term_string"}}],"inLanguage":"cs-CZ"},{"@type":"Organization","@id":"https:\/\/www.zull.at\/cs\/#organization","name":"Weingut Zull GmbH","url":"https:\/\/www.zull.at\/cs\/","logo":{"@type":"ImageObject","inLanguage":"cs-CZ","@id":"https:\/\/www.zull.at\/cs\/#\/schema\/logo\/image\/","url":"https:\/\/www.zull.at\/wp-content\/uploads\/2023\/08\/Zull_logo_mail_2.jpg","contentUrl":"https:\/\/www.zull.at\/wp-content\/uploads\/2023\/08\/Zull_logo_mail_2.jpg","width":364,"height":151,"caption":"Weingut Zull GmbH"},"image":{"@id":"https:\/\/www.zull.at\/cs\/#\/schema\/logo\/image\/"}}]}},"_links":{"self":[{"href":"https:\/\/www.zull.at\/cs\/wp-json\/wp\/v2\/pages\/3194","targetHints":{"allow":["GET"]}}],"collection":[{"href":"https:\/\/www.zull.at\/cs\/wp-json\/wp\/v2\/pages"}],"about":[{"href":"https:\/\/www.zull.at\/cs\/wp-json\/wp\/v2\/types\/page"}],"author":[{"embeddable":true,"href":"https:\/\/www.zull.at\/cs\/wp-json\/wp\/v2\/users\/1"}],"replies":[{"embeddable":true,"href":"https:\/\/www.zull.at\/cs\/wp-json\/wp\/v2\/comments?post=3194"}],"version-history":[{"count":0,"href":"https:\/\/www.zull.at\/cs\/wp-json\/wp\/v2\/pages\/3194\/revisions"}],"wp:attachment":[{"href":"https:\/\/www.zull.at\/cs\/wp-json\/wp\/v2\/media?parent=3194"}],"wp:term":[{"taxonomy":"folder","embeddable":true,"href":"https:\/\/www.zull.at\/cs\/wp-json\/wp\/v2\/folder?post=3194"}],"curies":[{"name":"wp","href":"https:\/\/api.w.org\/{rel}","templated":true}]}}