{"id":8668,"date":"2024-10-28T10:22:25","date_gmt":"2024-10-28T09:22:25","guid":{"rendered":"https:\/\/www.zull.at\/?post_type=product&#038;p=8668"},"modified":"2024-11-12T15:28:02","modified_gmt":"2024-11-12T14:28:02","slug":"kupon","status":"publish","type":"product","link":"https:\/\/www.zull.at\/cs\/produkt\/kupon\/","title":{"rendered":"Kup\u00f3n"},"content":{"rendered":"","protected":false},"excerpt":{"rendered":"<h2><strong>Darujte pot\u011b\u0161en\u00ed &#8211; s na\u0161\u00ed pouk\u00e1zkou na v\u00edno!<\/strong><\/h2>\n<p>N\u00e1\u0161 poukaz je ide\u00e1ln\u00edm d\u00e1rkem pro ka\u017edou p\u0159\u00edle\u017eitost. Je flexibiln\u00ed a univerz\u00e1ln\u00ed &#8211; lze jej uplatnit p\u0159\u00edmo na farm\u011b nebo pohodln\u011b online. Va\u0161i bl\u00edzc\u00ed si mohou sami vybrat sv\u00e9 obl\u00edben\u00e9 v\u00edno a t\u011b\u0161it se na p\u0159\u00edjemn\u00fd z\u00e1\u017eitek. Na zdrav\u00ed pro v\u00fdjime\u010dn\u00e9 okam\u017eiky!<\/p>\n<p>Upozorn\u011bn\u00ed: N\u00e1kup na\u0161eho poukazu je mo\u017en\u00fd pouze p\u0159i platb\u011b kartou nebo p\u0159es Apple Pay.<\/p>\n<style>.woocommerce-tabs.wc-tabs-wrapper{display:none;}.template-shop .images a{padding:0px !important;}<\/style>\n","protected":false},"featured_media":8783,"template":"","meta":[],"product_brand":[],"product_cat":[276],"product_tag":[],"class_list":{"0":"post-8668","1":"product","2":"type-product","3":"status-publish","4":"has-post-thumbnail","6":"product_cat-kupon","8":"first","9":"instock","10":"taxable","11":"shipping-taxable","12":"purchasable","13":"product-type-variable"},"yoast_head":"<!-- This site is optimized with the Yoast SEO plugin v27.3 - https:\/\/yoast.com\/product\/yoast-seo-wordpress\/ -->\n<title>Kup\u00f3n - Weingut Zull<\/title>\n<meta name=\"robots\" content=\"index, follow, max-snippet:-1, max-image-preview:large, max-video-preview:-1\" \/>\n<link rel=\"canonical\" href=\"https:\/\/www.zull.at\/cs\/produkt\/kupon\/\" \/>\n<meta property=\"og:locale\" content=\"cs_CZ\" \/>\n<meta property=\"og:type\" content=\"article\" \/>\n<meta property=\"og:title\" content=\"Kup\u00f3n - Weingut Zull\" \/>\n<meta property=\"og:description\" content=\"Darujte pot\u011b\u0161en\u00ed - s na\u0161\u00ed pouk\u00e1zkou na v\u00edno! N\u00e1\u0161 poukaz je ide\u00e1ln\u00edm d\u00e1rkem pro ka\u017edou p\u0159\u00edle\u017eitost. Je flexibiln\u00ed a univerz\u00e1ln\u00ed - lze jej uplatnit p\u0159\u00edmo na farm\u011b nebo pohodln\u011b online. Va\u0161i bl\u00edzc\u00ed si mohou sami vybrat sv\u00e9 obl\u00edben\u00e9 v\u00edno a t\u011b\u0161it se na p\u0159\u00edjemn\u00fd z\u00e1\u017eitek. Na zdrav\u00ed pro v\u00fdjime\u010dn\u00e9 okam\u017eiky!  Upozorn\u011bn\u00ed: N\u00e1kup na\u0161eho poukazu je mo\u017en\u00fd pouze p\u0159i platb\u011b kartou nebo p\u0159es Apple Pay.\" \/>\n<meta property=\"og:url\" content=\"https:\/\/www.zull.at\/cs\/produkt\/kupon\/\" \/>\n<meta property=\"og:site_name\" content=\"Weingut Zull\" \/>\n<meta property=\"article:modified_time\" content=\"2024-11-12T14:28:02+00:00\" \/>\n<meta property=\"og:image\" content=\"https:\/\/www.zull.at\/wp-content\/uploads\/2024\/10\/Gutschein-Zull-Produktbild-Web-hoch.jpg\" \/>\n\t<meta property=\"og:image:width\" content=\"1371\" \/>\n\t<meta property=\"og:image:height\" content=\"2168\" \/>\n\t<meta property=\"og:image:type\" content=\"image\/jpeg\" \/>\n<meta name=\"twitter:card\" content=\"summary_large_image\" \/>\n<script type=\"application\/ld+json\" class=\"yoast-schema-graph\">{\"@context\":\"https:\\\/\\\/schema.org\",\"@graph\":[{\"@type\":\"WebPage\",\"@id\":\"https:\\\/\\\/www.zull.at\\\/cs\\\/produkt\\\/kupon\\\/\",\"url\":\"https:\\\/\\\/www.zull.at\\\/cs\\\/produkt\\\/kupon\\\/\",\"name\":\"Kup\u00f3n - Weingut Zull\",\"isPartOf\":{\"@id\":\"https:\\\/\\\/www.zull.at\\\/cs\\\/#website\"},\"primaryImageOfPage\":{\"@id\":\"https:\\\/\\\/www.zull.at\\\/cs\\\/produkt\\\/kupon\\\/#primaryimage\"},\"image\":{\"@id\":\"https:\\\/\\\/www.zull.at\\\/cs\\\/produkt\\\/kupon\\\/#primaryimage\"},\"thumbnailUrl\":\"https:\\\/\\\/www.zull.at\\\/wp-content\\\/uploads\\\/2024\\\/10\\\/Gutschein-Zull-Produktbild-Web-hoch.jpg\",\"datePublished\":\"2024-10-28T09:22:25+00:00\",\"dateModified\":\"2024-11-12T14:28:02+00:00\",\"breadcrumb\":{\"@id\":\"https:\\\/\\\/www.zull.at\\\/cs\\\/produkt\\\/kupon\\\/#breadcrumb\"},\"inLanguage\":\"cs-CZ\",\"potentialAction\":[{\"@type\":\"ReadAction\",\"target\":[\"https:\\\/\\\/www.zull.at\\\/cs\\\/produkt\\\/kupon\\\/\"]}]},{\"@type\":\"ImageObject\",\"inLanguage\":\"cs-CZ\",\"@id\":\"https:\\\/\\\/www.zull.at\\\/cs\\\/produkt\\\/kupon\\\/#primaryimage\",\"url\":\"https:\\\/\\\/www.zull.at\\\/wp-content\\\/uploads\\\/2024\\\/10\\\/Gutschein-Zull-Produktbild-Web-hoch.jpg\",\"contentUrl\":\"https:\\\/\\\/www.zull.at\\\/wp-content\\\/uploads\\\/2024\\\/10\\\/Gutschein-Zull-Produktbild-Web-hoch.jpg\",\"width\":1371,\"height\":2168},{\"@type\":\"BreadcrumbList\",\"@id\":\"https:\\\/\\\/www.zull.at\\\/cs\\\/produkt\\\/kupon\\\/#breadcrumb\",\"itemListElement\":[{\"@type\":\"ListItem\",\"position\":1,\"name\":\"Home\",\"item\":\"https:\\\/\\\/www.zull.at\\\/cs\\\/aktualizace\\\/\"},{\"@type\":\"ListItem\",\"position\":2,\"name\":\"Shop\",\"item\":\"https:\\\/\\\/www.zull.at\\\/cs\\\/shop-2\\\/\"},{\"@type\":\"ListItem\",\"position\":3,\"name\":\"Kup\u00f3n\"}]},{\"@type\":\"WebSite\",\"@id\":\"https:\\\/\\\/www.zull.at\\\/cs\\\/#website\",\"url\":\"https:\\\/\\\/www.zull.at\\\/cs\\\/\",\"name\":\"Weingut Zull\",\"description\":\"Weingut Zull\",\"publisher\":{\"@id\":\"https:\\\/\\\/www.zull.at\\\/cs\\\/#organization\"},\"potentialAction\":[{\"@type\":\"SearchAction\",\"target\":{\"@type\":\"EntryPoint\",\"urlTemplate\":\"https:\\\/\\\/www.zull.at\\\/cs\\\/?s={search_term_string}\"},\"query-input\":{\"@type\":\"PropertyValueSpecification\",\"valueRequired\":true,\"valueName\":\"search_term_string\"}}],\"inLanguage\":\"cs-CZ\"},{\"@type\":\"Organization\",\"@id\":\"https:\\\/\\\/www.zull.at\\\/cs\\\/#organization\",\"name\":\"Weingut Zull GmbH\",\"url\":\"https:\\\/\\\/www.zull.at\\\/cs\\\/\",\"logo\":{\"@type\":\"ImageObject\",\"inLanguage\":\"cs-CZ\",\"@id\":\"https:\\\/\\\/www.zull.at\\\/cs\\\/#\\\/schema\\\/logo\\\/image\\\/\",\"url\":\"https:\\\/\\\/www.zull.at\\\/wp-content\\\/uploads\\\/2023\\\/08\\\/Zull_logo_mail_2.jpg\",\"contentUrl\":\"https:\\\/\\\/www.zull.at\\\/wp-content\\\/uploads\\\/2023\\\/08\\\/Zull_logo_mail_2.jpg\",\"width\":364,\"height\":151,\"caption\":\"Weingut Zull GmbH\"},\"image\":{\"@id\":\"https:\\\/\\\/www.zull.at\\\/cs\\\/#\\\/schema\\\/logo\\\/image\\\/\"}}]}<\/script>\n<!-- \/ Yoast SEO plugin. -->","yoast_head_json":{"title":"Kup\u00f3n - Weingut Zull","robots":{"index":"index","follow":"follow","max-snippet":"max-snippet:-1","max-image-preview":"max-image-preview:large","max-video-preview":"max-video-preview:-1"},"canonical":"https:\/\/www.zull.at\/cs\/produkt\/kupon\/","og_locale":"cs_CZ","og_type":"article","og_title":"Kup\u00f3n - Weingut Zull","og_description":"Darujte pot\u011b\u0161en\u00ed - s na\u0161\u00ed pouk\u00e1zkou na v\u00edno! N\u00e1\u0161 poukaz je ide\u00e1ln\u00edm d\u00e1rkem pro ka\u017edou p\u0159\u00edle\u017eitost. Je flexibiln\u00ed a univerz\u00e1ln\u00ed - lze jej uplatnit p\u0159\u00edmo na farm\u011b nebo pohodln\u011b online. Va\u0161i bl\u00edzc\u00ed si mohou sami vybrat sv\u00e9 obl\u00edben\u00e9 v\u00edno a t\u011b\u0161it se na p\u0159\u00edjemn\u00fd z\u00e1\u017eitek. Na zdrav\u00ed pro v\u00fdjime\u010dn\u00e9 okam\u017eiky!  Upozorn\u011bn\u00ed: N\u00e1kup na\u0161eho poukazu je mo\u017en\u00fd pouze p\u0159i platb\u011b kartou nebo p\u0159es Apple Pay.","og_url":"https:\/\/www.zull.at\/cs\/produkt\/kupon\/","og_site_name":"Weingut Zull","article_modified_time":"2024-11-12T14:28:02+00:00","og_image":[{"width":1371,"height":2168,"url":"https:\/\/www.zull.at\/wp-content\/uploads\/2024\/10\/Gutschein-Zull-Produktbild-Web-hoch.jpg","type":"image\/jpeg"}],"twitter_card":"summary_large_image","schema":{"@context":"https:\/\/schema.org","@graph":[{"@type":"WebPage","@id":"https:\/\/www.zull.at\/cs\/produkt\/kupon\/","url":"https:\/\/www.zull.at\/cs\/produkt\/kupon\/","name":"Kup\u00f3n - Weingut Zull","isPartOf":{"@id":"https:\/\/www.zull.at\/cs\/#website"},"primaryImageOfPage":{"@id":"https:\/\/www.zull.at\/cs\/produkt\/kupon\/#primaryimage"},"image":{"@id":"https:\/\/www.zull.at\/cs\/produkt\/kupon\/#primaryimage"},"thumbnailUrl":"https:\/\/www.zull.at\/wp-content\/uploads\/2024\/10\/Gutschein-Zull-Produktbild-Web-hoch.jpg","datePublished":"2024-10-28T09:22:25+00:00","dateModified":"2024-11-12T14:28:02+00:00","breadcrumb":{"@id":"https:\/\/www.zull.at\/cs\/produkt\/kupon\/#breadcrumb"},"inLanguage":"cs-CZ","potentialAction":[{"@type":"ReadAction","target":["https:\/\/www.zull.at\/cs\/produkt\/kupon\/"]}]},{"@type":"ImageObject","inLanguage":"cs-CZ","@id":"https:\/\/www.zull.at\/cs\/produkt\/kupon\/#primaryimage","url":"https:\/\/www.zull.at\/wp-content\/uploads\/2024\/10\/Gutschein-Zull-Produktbild-Web-hoch.jpg","contentUrl":"https:\/\/www.zull.at\/wp-content\/uploads\/2024\/10\/Gutschein-Zull-Produktbild-Web-hoch.jpg","width":1371,"height":2168},{"@type":"BreadcrumbList","@id":"https:\/\/www.zull.at\/cs\/produkt\/kupon\/#breadcrumb","itemListElement":[{"@type":"ListItem","position":1,"name":"Home","item":"https:\/\/www.zull.at\/cs\/aktualizace\/"},{"@type":"ListItem","position":2,"name":"Shop","item":"https:\/\/www.zull.at\/cs\/shop-2\/"},{"@type":"ListItem","position":3,"name":"Kup\u00f3n"}]},{"@type":"WebSite","@id":"https:\/\/www.zull.at\/cs\/#website","url":"https:\/\/www.zull.at\/cs\/","name":"Weingut Zull","description":"Weingut Zull","publisher":{"@id":"https:\/\/www.zull.at\/cs\/#organization"},"potentialAction":[{"@type":"SearchAction","target":{"@type":"EntryPoint","urlTemplate":"https:\/\/www.zull.at\/cs\/?s={search_term_string}"},"query-input":{"@type":"PropertyValueSpecification","valueRequired":true,"valueName":"search_term_string"}}],"inLanguage":"cs-CZ"},{"@type":"Organization","@id":"https:\/\/www.zull.at\/cs\/#organization","name":"Weingut Zull GmbH","url":"https:\/\/www.zull.at\/cs\/","logo":{"@type":"ImageObject","inLanguage":"cs-CZ","@id":"https:\/\/www.zull.at\/cs\/#\/schema\/logo\/image\/","url":"https:\/\/www.zull.at\/wp-content\/uploads\/2023\/08\/Zull_logo_mail_2.jpg","contentUrl":"https:\/\/www.zull.at\/wp-content\/uploads\/2023\/08\/Zull_logo_mail_2.jpg","width":364,"height":151,"caption":"Weingut Zull GmbH"},"image":{"@id":"https:\/\/www.zull.at\/cs\/#\/schema\/logo\/image\/"}}]}},"_links":{"self":[{"href":"https:\/\/www.zull.at\/cs\/wp-json\/wp\/v2\/product\/8668","targetHints":{"allow":["GET"]}}],"collection":[{"href":"https:\/\/www.zull.at\/cs\/wp-json\/wp\/v2\/product"}],"about":[{"href":"https:\/\/www.zull.at\/cs\/wp-json\/wp\/v2\/types\/product"}],"wp:featuredmedia":[{"embeddable":true,"href":"https:\/\/www.zull.at\/cs\/wp-json\/wp\/v2\/media\/8783"}],"wp:attachment":[{"href":"https:\/\/www.zull.at\/cs\/wp-json\/wp\/v2\/media?parent=8668"}],"wp:term":[{"taxonomy":"product_brand","embeddable":true,"href":"https:\/\/www.zull.at\/cs\/wp-json\/wp\/v2\/product_brand?post=8668"},{"taxonomy":"product_cat","embeddable":true,"href":"https:\/\/www.zull.at\/cs\/wp-json\/wp\/v2\/product_cat?post=8668"},{"taxonomy":"product_tag","embeddable":true,"href":"https:\/\/www.zull.at\/cs\/wp-json\/wp\/v2\/product_tag?post=8668"}],"curies":[{"name":"wp","href":"https:\/\/api.w.org\/{rel}","templated":true}]}}